{"id":"de37202","date":"2018-06-07T18:08:00","date_gmt":"2018-06-07T16:08:00","guid":{"rendered":"https:\/\/omr.com\/de\/?page_id=37202"},"modified":"2021-02-04T11:28:57","modified_gmt":"2021-02-04T10:28:57","slug":"mml-der-fussball-podcast","status":"publish","type":"page","link":"https:\/\/omr.com\/de\/mml-der-fussball-podcast\/","title":{"rendered":"FUSSBALL MML &#8211; Podcast by OMR"},"content":{"rendered":"\n\n\t\t<section class=\"mml-podcast\">\n\t\t\t<div class=\"container\">\n\t\t\t\t\t\t\t\t\t<div class=\"row\">\n\t<div class=\"col-lg-4 offset-lg-1 col-md-5 offset-sm-0\">\n\t\t\t\t<img class=\"img-mml\" alt=\"fussball mml podcast\" \n\nsrc=\"https:\/\/omr.com\/de\/wp-content\/uploads\/2018\/06\/fussball-mml__md-up.jpg\"\n\nsrcset=\"https:\/\/omr.com\/de\/wp-content\/uploads\/2018\/06\/fussball-mml__md-up.jpg, https:\/\/omr.com\/de\/wp-content\/uploads\/2018\/06\/fussball-mml__xs.jpg 768w\">\n\t\t\t\t<!-- generated in 0.21004676818848ms -->\n\t\t\t<\/div>\n\n\n\t<div class=\"col-lg-6 col-xl-6 col-md-7 col-xs-12\">\n\t\t\t\t<h1>FUSSBALL MML<\/h1><div class=\"mml\">\n<a target=\"_blank\" href=\"https:\/\/fussballmml.podigee.io\/\">\n<img src=\"https:\/\/images.podigee.com\/1400x,spXl98SuCYoCx9ZPWL0ZO3OESZB2NNnX5rB3QEEbEkEY=\/https:\/\/cdn.podigee.com\/uploads\/u5851\/5d438012-3a28-49d3-afd6-68bf10a3278f.png\" >\n<\/a>\n\n<p>\nFast k\u00f6nnte man denken, sie h\u00e4tten sich einfach zuf\u00e4llig in Hamburg getroffen. An einem Montag nach der Bundesliga, in einem viel zu engen Raum, in dem irgendjemand sechs Dosen Red Bull und drei Mikros vergessen hatte. Das w\u00e4re die perfekte Legende, sie lie\u00dfe sich gut erz\u00e4hlen. Am Abend nach dem dritten Glas Chianti. Und vielleicht stimmt sie sogar. Denn Fussball MML, das war eine Idee, aus dem Moment und aus einer Sehnsucht heraus. Ein Vorschlag, es mal zu versuchen, \u00fcber Fu\u00dfball reden und schauen, was dann passiert. Das eigentlich simple Rezept, die eigentlich simple Versuchsanordnung. Eine in die Jahre gekommene Boyband, die als Dreierkette Weltmeister werden wollte. So standen wir da, am Anfang. Drei M\u00e4nner, die sich, mal beil\u00e4ufig, mal absichtlich, \u00fcber den Weg gelaufen waren. In den Stadien und den Studios dieses Landes. Produziert von Podstars by OMR.\n<\/p>\n\n<\/div><div class=\"social-embed\" data-usercentrics-service-id=\"nhLMP6qX\" data-json-embed=\"{&quot;type&quot;:&quot;podigee&quot;,&quot;embedurl&quot;:&quot;https:\\\/\\\/fussballmml.podigee.io\\\/embed?context=external&quot;}\">\n                <div class=\"social-embed-gdpr\">\n                    <div>\n                        <h3>Empfohlener Inhalt<\/h3>\n                        <p>An dieser Stelle findet Ihr einen <em>Podigee Podcast<\/em>. Ihr k\u00f6nnt ihn Euch mit einem Klick anzeigen lassen.<\/p>\n                        <div class=\"toggle-wrap\">\n                            <input class=\"toggle toggle-check\" id=\"dsvgo-toggle-929f6c1d89fc812d60c121f9330bf3ab\" type=\"checkbox\"\/>\n                            <label class=\"load-social-embed toggle-btn\" for=\"dsvgo-toggle-929f6c1d89fc812d60c121f9330bf3ab\"><\/label>\n                        <\/div>\n                        <p class=\"smallprint\">Ich bin damit einverstanden, dass mir externe Inhalte angezeigt werden. Damit k\u00f6nnen personenbezogene Daten an Drittplattformen \u00fcbermittelt werden. <a href=\"\/de\/datenschutz\/\">Mehr dazu in unserer Datenschutzerkl\u00e4rung.<\/a><\/p>\n                    <\/div>\n                <\/div>\n                <div class=\"social-embed-content\" style=\"display:none\">\n                    <script class=\"podigee-podcast-player\" src=\"https:\/\/player.podigee-cdn.net\/podcast-player\/javascripts\/podigee-podcast-player.js\" data-configuration=\"https:\/\/fussballmml.podigee.io\/embed?context=externalembed?context=external\"><\/script>\n                <\/div>\n            <\/div><div class=\"mml-podcast__social\">\n\t\t\t\t\t\t\t\t<a href=\"https:\/\/itunes.apple.com\/de\/podcast\/fussball-mml-der-sky-podcast\/id1225573057\" target=\"_blank\">\n\t\t\t\t\t\t\t\t\t<img src=\"\/wp-content\/themes\/blog\/assets\/images\/askomr-applePodcast.png\" height=\"50\" onclick=\"MARKER\" alt=\"apple itunes logo\">\n\t\t\t\t\t\t\t\t<\/a>\n\t\t\t\t\t\t\t\t<a href=\"https:\/\/open.spotify.com\/show\/3j9Veq0fLZwRpIYtwCIPb7\" target=\"_blank\">\n\t\t\t\t\t\t\t\t\t<img src=\"\/wp-content\/themes\/blog\/assets\/images\/askomr-spotify.png\" height=\"50\" onclick=\"MARKER\" alt=\"spotify logo\">\n\t\t\t\t\t\t\t\t<\/a>\n\t\t\t\t\t\t<\/div>\t\t\t\t<!-- generated in 0.31208992004395ms -->\n\t\t\t<\/div>\n\n<\/div>\n\t\t\t\t\t\t\t<\/div>\n\t\t<\/section>\n\n\t\t\n"},"excerpt":{"rendered":"<p>[vc_row cache_ttl=&#8220;0&#8243; el_class=&#8220;mml-podcast&#8220;][vc_column width=&#8220;1\/3&#8243; offset=&#8220;offset-lg-1 col-md-5 offset-sm-0&#8243;][\/vc_column][vc_column width=&#8220;1\/2&#8243; offset=&#8220;col-xl-6 col-md-7 col-xs-12&#8243;][\/vc_column][\/vc_row]<\/p>\n","protected":false},"author":"de5940","featured_media":"de0","parent":0,"menu_order":0,"comment_status":"closed","ping_status":"closed","template":"template-naked.php","meta":[],"yst_prominent_words":[35987,33447,35986,35988,35989],"lang":"de","acf":[],"yoast_title":"FUSSBALL MML - Podcast by OMR &mdash; Daily | OMR","yoast_meta":[{"name":"robots","content":"max-snippet:-1, max-image-preview:large, max-video-preview:-1"},{"property":"og:locale","content":"de_DE"},{"property":"og:type","content":"article"},{"property":"og:title","content":"FUSSBALL MML - Podcast by OMR \u2014 Daily | OMR"},{"property":"og:url","content":"https:\/\/omr.com\/de\/mml-der-fussball-podcast\/"},{"property":"og:site_name","content":"Daily"},{"property":"article:publisher","content":"https:\/\/www.facebook.com\/OnlineMarketingRockstars\/"},{"property":"fb:app_id","content":"906300982779467"},{"property":"og:image","content":"https:\/\/omr.com\/de\/wp-content\/uploads\/2021\/10\/OMR_Banner-1.png"},{"property":"og:image:secure_url","content":"https:\/\/omr.com\/de\/wp-content\/uploads\/2021\/10\/OMR_Banner-1.png"},{"property":"og:image:width","content":"1200"},{"property":"og:image:height","content":"628"},{"name":"twitter:card","content":"summary_large_image"},{"name":"twitter:title","content":"FUSSBALL MML - Podcast by OMR \u2014 Daily | OMR"},{"name":"twitter:site","content":"@omrockstars"},{"name":"twitter:image","content":"https:\/\/omr.com\/de\/wp-content\/uploads\/2021\/10\/OMR_Banner-1.png"},{"name":"twitter:creator","content":"@omrockstars"}],"yoast_json_ld":[{"@context":"https:\/\/schema.org","@graph":[{"@type":"Organization","@id":"https:\/\/omr.com\/de\/#organization","name":"OMR","url":"https:\/\/omr.com\/de\/","sameAs":["https:\/\/www.facebook.com\/OnlineMarketingRockstars\/","https:\/\/www.instagram.com\/omrockstars\/","https:\/\/www.linkedin.com\/company\/online-marketing-rockstars-conference\/","https:\/\/www.youtube.com\/channel\/UC2vPnUauXTOLZHpVXCm9m7Q","https:\/\/twitter.com\/omrockstars"],"logo":{"@type":"ImageObject","@id":"https:\/\/omr.com\/de\/#logo","url":"https:\/\/omr.com\/de\/wp-content\/uploads\/2017\/11\/OMR.png","width":140,"height":86,"caption":"OMR"},"image":{"@id":"https:\/\/omr.com\/de\/#logo"}},{"@type":"WebSite","@id":"https:\/\/omr.com\/de\/#website","url":"https:\/\/omr.com\/de\/","name":"Daily","publisher":{"@id":"https:\/\/omr.com\/de\/#organization"},"potentialAction":{"@type":"SearchAction","target":"https:\/\/omr.com\/de\/?s={search_term_string}","query-input":"required name=search_term_string"}},{"@type":"WebPage","@id":"https:\/\/omr.com\/de\/mml-der-fussball-podcast\/#webpage","url":"https:\/\/omr.com\/de\/mml-der-fussball-podcast\/","inLanguage":"de-DE","name":"FUSSBALL MML - Podcast by OMR &mdash; Daily | OMR","isPartOf":{"@id":"https:\/\/omr.com\/de\/#website"},"datePublished":"2018-06-07T16:08:00+02:00","dateModified":"2021-02-04T10:28:57+01:00"}]}],"_links":{"self":[{"href":"https:\/\/omr.com\/de\/wp-json\/wp\/v2\/pages\/37202"}],"collection":[{"href":"https:\/\/omr.com\/de\/wp-json\/wp\/v2\/pages"}],"about":[{"href":"https:\/\/omr.com\/de\/wp-json\/wp\/v2\/types\/page"}],"author":[{"embeddable":true,"href":"https:\/\/omr.com\/de\/wp-json\/wp\/v2\/users\/5940"}],"replies":[{"embeddable":true,"href":"https:\/\/omr.com\/de\/wp-json\/wp\/v2\/comments?post=37202"}],"version-history":[{"count":17,"href":"https:\/\/omr.com\/de\/wp-json\/wp\/v2\/pages\/37202\/revisions"}],"predecessor-version":[{"id":64686,"href":"https:\/\/omr.com\/de\/wp-json\/wp\/v2\/pages\/37202\/revisions\/64686"}],"wp:attachment":[{"href":"https:\/\/omr.com\/de\/wp-json\/wp\/v2\/media?parent=37202"}],"wp:term":[{"taxonomy":"yst_prominent_words","embeddable":true,"href":"https:\/\/omr.com\/de\/wp-json\/wp\/v2\/yst_prominent_words?post=37202"}],"curies":[{"name":"wp","href":"https:\/\/api.w.org\/{rel}","templated":true}]}}